{"id":1151,"date":"2017-04-06T14:53:29","date_gmt":"2017-04-06T12:53:29","guid":{"rendered":"https:\/\/www.abf.store\/i\/?page_id=1151"},"modified":"2026-03-03T10:53:21","modified_gmt":"2026-03-03T09:53:21","slug":"preguntas-frecuentes","status":"publish","type":"page","link":"https:\/\/www.abf.store\/i\/es\/preguntas-frecuentes\/","title":{"rendered":"Preguntas frecuentes"},"content":{"rendered":"","protected":false},"excerpt":{"rendered":"","protected":false},"author":2,"featured_media":0,"parent":0,"menu_order":0,"comment_status":"closed","ping_status":"closed","template":"page-faq.php","meta":{"_acf_changed":false,"footnotes":""},"class_list":["post-1151","page","type-page","status-publish","hentry"],"acf":[],"yoast_head":"<!-- This site is optimized with the Yoast SEO plugin v26.2 - https:\/\/yoast.com\/wordpress\/plugins\/seo\/ -->\n<title>Preguntas frecuentes &#183; ABF<\/title>\n<meta name=\"description\" content=\"ABF Bearings FAQ \u2013 Obtenga respuestas sobre rodamientos, motores el\u00e9ctricos, pedidos, env\u00edos y servicios. Informaci\u00f3n r\u00e1pida, clara y fiable.\" \/>\n<meta name=\"robots\" content=\"index, follow, max-snippet:-1, max-image-preview:large, max-video-preview:-1\" \/>\n<link rel=\"canonical\" href=\"https:\/\/www.abf.store\/i\/es\/preguntas-frecuentes\/\" \/>\n<meta property=\"og:locale\" content=\"en_GB\" \/>\n<meta property=\"og:type\" content=\"article\" \/>\n<meta property=\"og:title\" content=\"Preguntas frecuentes &#183; ABF\" \/>\n<meta property=\"og:description\" content=\"ABF Bearings FAQ \u2013 Obtenga respuestas sobre rodamientos, motores el\u00e9ctricos, pedidos, env\u00edos y servicios. Informaci\u00f3n r\u00e1pida, clara y fiable.\" \/>\n<meta property=\"og:url\" content=\"https:\/\/www.abf.store\/i\/es\/preguntas-frecuentes\/\" \/>\n<meta property=\"og:site_name\" content=\"ABF\" \/>\n<meta property=\"article:modified_time\" content=\"2026-03-03T09:53:21+00:00\" \/>\n<meta name=\"twitter:card\" content=\"summary_large_image\" \/>\n<meta name=\"twitter:label1\" content=\"Est. reading time\" \/>\n\t<meta name=\"twitter:data1\" content=\"10 minutes\" \/>\n<script type=\"application\/ld+json\" class=\"yoast-schema-graph\">{\"@context\":\"https:\/\/schema.org\",\"@graph\":[{\"@type\":\"WebPage\",\"@id\":\"https:\/\/www.abf.store\/i\/es\/preguntas-frecuentes\/\",\"url\":\"https:\/\/www.abf.store\/i\/es\/preguntas-frecuentes\/\",\"name\":\"Preguntas frecuentes &#183; ABF\",\"isPartOf\":{\"@id\":\"https:\/\/www.abf.store\/i\/#website\"},\"datePublished\":\"2017-04-06T12:53:29+00:00\",\"dateModified\":\"2026-03-03T09:53:21+00:00\",\"description\":\"ABF Bearings FAQ \u2013 Obtenga respuestas sobre rodamientos, motores el\u00e9ctricos, pedidos, env\u00edos y servicios. Informaci\u00f3n r\u00e1pida, clara y fiable.\",\"breadcrumb\":{\"@id\":\"https:\/\/www.abf.store\/i\/es\/preguntas-frecuentes\/#breadcrumb\"},\"inLanguage\":\"en-GB\",\"potentialAction\":[{\"@type\":\"ReadAction\",\"target\":[\"https:\/\/www.abf.store\/i\/es\/preguntas-frecuentes\/\"]}]},{\"@type\":\"BreadcrumbList\",\"@id\":\"https:\/\/www.abf.store\/i\/es\/preguntas-frecuentes\/#breadcrumb\",\"itemListElement\":[{\"@type\":\"ListItem\",\"position\":1,\"name\":\"Home\",\"item\":\"https:\/\/www.abf.store\/i\/en\/\"},{\"@type\":\"ListItem\",\"position\":2,\"name\":\"Preguntas frecuentes\"}]},{\"@type\":\"WebSite\",\"@id\":\"https:\/\/www.abf.store\/i\/#website\",\"url\":\"https:\/\/www.abf.store\/i\/\",\"name\":\"ABF\",\"description\":\"ABF website\",\"potentialAction\":[{\"@type\":\"SearchAction\",\"target\":{\"@type\":\"EntryPoint\",\"urlTemplate\":\"https:\/\/www.abf.store\/i\/?s={search_term_string}\"},\"query-input\":{\"@type\":\"PropertyValueSpecification\",\"valueRequired\":true,\"valueName\":\"search_term_string\"}}],\"inLanguage\":\"en-GB\"}]}<\/script>\n<!-- \/ Yoast SEO plugin. -->","yoast_head_json":{"title":"Preguntas frecuentes &#183; ABF","description":"ABF Bearings FAQ \u2013 Obtenga respuestas sobre rodamientos, motores el\u00e9ctricos, pedidos, env\u00edos y servicios. Informaci\u00f3n r\u00e1pida, clara y fiable.","robots":{"index":"index","follow":"follow","max-snippet":"max-snippet:-1","max-image-preview":"max-image-preview:large","max-video-preview":"max-video-preview:-1"},"canonical":"https:\/\/www.abf.store\/i\/es\/preguntas-frecuentes\/","og_locale":"en_GB","og_type":"article","og_title":"Preguntas frecuentes &#183; ABF","og_description":"ABF Bearings FAQ \u2013 Obtenga respuestas sobre rodamientos, motores el\u00e9ctricos, pedidos, env\u00edos y servicios. Informaci\u00f3n r\u00e1pida, clara y fiable.","og_url":"https:\/\/www.abf.store\/i\/es\/preguntas-frecuentes\/","og_site_name":"ABF","article_modified_time":"2026-03-03T09:53:21+00:00","twitter_card":"summary_large_image","twitter_misc":{"Est. reading time":"10 minutes"},"schema":{"@context":"https:\/\/schema.org","@graph":[{"@type":"WebPage","@id":"https:\/\/www.abf.store\/i\/es\/preguntas-frecuentes\/","url":"https:\/\/www.abf.store\/i\/es\/preguntas-frecuentes\/","name":"Preguntas frecuentes &#183; ABF","isPartOf":{"@id":"https:\/\/www.abf.store\/i\/#website"},"datePublished":"2017-04-06T12:53:29+00:00","dateModified":"2026-03-03T09:53:21+00:00","description":"ABF Bearings FAQ \u2013 Obtenga respuestas sobre rodamientos, motores el\u00e9ctricos, pedidos, env\u00edos y servicios. Informaci\u00f3n r\u00e1pida, clara y fiable.","breadcrumb":{"@id":"https:\/\/www.abf.store\/i\/es\/preguntas-frecuentes\/#breadcrumb"},"inLanguage":"en-GB","potentialAction":[{"@type":"ReadAction","target":["https:\/\/www.abf.store\/i\/es\/preguntas-frecuentes\/"]}]},{"@type":"BreadcrumbList","@id":"https:\/\/www.abf.store\/i\/es\/preguntas-frecuentes\/#breadcrumb","itemListElement":[{"@type":"ListItem","position":1,"name":"Home","item":"https:\/\/www.abf.store\/i\/en\/"},{"@type":"ListItem","position":2,"name":"Preguntas frecuentes"}]},{"@type":"WebSite","@id":"https:\/\/www.abf.store\/i\/#website","url":"https:\/\/www.abf.store\/i\/","name":"ABF","description":"ABF website","potentialAction":[{"@type":"SearchAction","target":{"@type":"EntryPoint","urlTemplate":"https:\/\/www.abf.store\/i\/?s={search_term_string}"},"query-input":{"@type":"PropertyValueSpecification","valueRequired":true,"valueName":"search_term_string"}}],"inLanguage":"en-GB"}]}},"_links":{"self":[{"href":"https:\/\/www.abf.store\/i\/wp-json\/wp\/v2\/pages\/1151","targetHints":{"allow":["GET"]}}],"collection":[{"href":"https:\/\/www.abf.store\/i\/wp-json\/wp\/v2\/pages"}],"about":[{"href":"https:\/\/www.abf.store\/i\/wp-json\/wp\/v2\/types\/page"}],"author":[{"embeddable":true,"href":"https:\/\/www.abf.store\/i\/wp-json\/wp\/v2\/users\/2"}],"replies":[{"embeddable":true,"href":"https:\/\/www.abf.store\/i\/wp-json\/wp\/v2\/comments?post=1151"}],"version-history":[{"count":29,"href":"https:\/\/www.abf.store\/i\/wp-json\/wp\/v2\/pages\/1151\/revisions"}],"predecessor-version":[{"id":16490,"href":"https:\/\/www.abf.store\/i\/wp-json\/wp\/v2\/pages\/1151\/revisions\/16490"}],"wp:attachment":[{"href":"https:\/\/www.abf.store\/i\/wp-json\/wp\/v2\/media?parent=1151"}],"curies":[{"name":"wp","href":"https:\/\/api.w.org\/{rel}","templated":true}]}}