{"id":1203,"date":"2017-04-06T15:36:04","date_gmt":"2017-04-06T13:36:04","guid":{"rendered":"https:\/\/www.abf.store\/i\/?page_id=1203"},"modified":"2017-04-06T15:36:04","modified_gmt":"2017-04-06T13:36:04","slug":"aviso-legal","status":"publish","type":"page","link":"https:\/\/www.abf.store\/i\/es\/aviso-legal\/","title":{"rendered":"Aviso legal"},"content":{"rendered":"<p><strong>La informaci\u00f3n enviada en los correos electr\u00f3nicos de ABF se dirige exclusivamente a su destinatario. La utilizaci\u00f3n de esta informaci\u00f3n por otros que el destinatario est\u00e1 prohibido. La divulgaci\u00f3n, copia, difusi\u00f3n y\/o distribuci\u00f3n de esta informaci\u00f3n a terceros queda prohibida. ABF no se hace responsable del contenido ni de la correcta y completa difusi\u00f3n del correo electr\u00f3nico enviado.<\/strong><\/p>\n<p>A todas las relaciones jur\u00eddicas, ofertas y acuerdos en los que ABF suministre bienes y servicios se les aplican nuestras condiciones generales a excepci\u00f3n de todas las otras condiciones. \u00c9stas le pueden ser enviadas bajo petici\u00f3n sin coste.<\/p>\n","protected":false},"excerpt":{"rendered":"<p>La informaci\u00f3n enviada en los correos electr\u00f3nicos de ABF se dirige exclusivamente a su destinatario. La utilizaci\u00f3n de esta informaci\u00f3n por otros que el destinatario est\u00e1 prohibido. La divulgaci\u00f3n, copia, difusi\u00f3n y\/o distribuci\u00f3n de esta informaci\u00f3n a terceros queda prohibida. ABF no se hace responsable del contenido ni de la correcta y completa difusi\u00f3n del [&hellip;]<\/p>\n","protected":false},"author":2,"featured_media":0,"parent":0,"menu_order":0,"comment_status":"closed","ping_status":"closed","template":"","meta":{"_acf_changed":false,"footnotes":""},"class_list":["post-1203","page","type-page","status-publish","hentry"],"acf":[],"yoast_head":"<!-- This site is optimized with the Yoast SEO plugin v27.3 - https:\/\/yoast.com\/product\/yoast-seo-wordpress\/ -->\n<title>Aviso legal &#183; ABF<\/title>\n<meta name=\"robots\" content=\"index, follow, max-snippet:-1, max-image-preview:large, max-video-preview:-1\" \/>\n<link rel=\"canonical\" href=\"https:\/\/www.abf.store\/i\/es\/aviso-legal\/\" \/>\n<meta property=\"og:locale\" content=\"en_GB\" \/>\n<meta property=\"og:type\" content=\"article\" \/>\n<meta property=\"og:title\" content=\"Aviso legal &#183; ABF\" \/>\n<meta property=\"og:description\" content=\"La informaci\u00f3n enviada en los correos electr\u00f3nicos de ABF se dirige exclusivamente a su destinatario. La utilizaci\u00f3n de esta informaci\u00f3n por otros que el destinatario est\u00e1 prohibido. La divulgaci\u00f3n, copia, difusi\u00f3n y\/o distribuci\u00f3n de esta informaci\u00f3n a terceros queda prohibida. ABF no se hace responsable del contenido ni de la correcta y completa difusi\u00f3n del [&hellip;]\" \/>\n<meta property=\"og:url\" content=\"https:\/\/www.abf.store\/i\/es\/aviso-legal\/\" \/>\n<meta property=\"og:site_name\" content=\"ABF\" \/>\n<meta name=\"twitter:card\" content=\"summary_large_image\" \/>\n<meta name=\"twitter:label1\" content=\"Est. reading time\" \/>\n\t<meta name=\"twitter:data1\" content=\"1 minute\" \/>\n<script type=\"application\/ld+json\" class=\"yoast-schema-graph\">{\"@context\":\"https:\\\/\\\/schema.org\",\"@graph\":[{\"@type\":\"WebPage\",\"@id\":\"https:\\\/\\\/www.abf.store\\\/i\\\/es\\\/aviso-legal\\\/\",\"url\":\"https:\\\/\\\/www.abf.store\\\/i\\\/es\\\/aviso-legal\\\/\",\"name\":\"Aviso legal &#183; ABF\",\"isPartOf\":{\"@id\":\"https:\\\/\\\/www.abf.store\\\/i\\\/#website\"},\"datePublished\":\"2017-04-06T13:36:04+00:00\",\"breadcrumb\":{\"@id\":\"https:\\\/\\\/www.abf.store\\\/i\\\/es\\\/aviso-legal\\\/#breadcrumb\"},\"inLanguage\":\"en-GB\",\"potentialAction\":[{\"@type\":\"ReadAction\",\"target\":[\"https:\\\/\\\/www.abf.store\\\/i\\\/es\\\/aviso-legal\\\/\"]}]},{\"@type\":\"BreadcrumbList\",\"@id\":\"https:\\\/\\\/www.abf.store\\\/i\\\/es\\\/aviso-legal\\\/#breadcrumb\",\"itemListElement\":[{\"@type\":\"ListItem\",\"position\":1,\"name\":\"Home\",\"item\":\"https:\\\/\\\/www.abf.store\\\/i\\\/en\\\/\"},{\"@type\":\"ListItem\",\"position\":2,\"name\":\"Aviso legal\"}]},{\"@type\":\"WebSite\",\"@id\":\"https:\\\/\\\/www.abf.store\\\/i\\\/#website\",\"url\":\"https:\\\/\\\/www.abf.store\\\/i\\\/\",\"name\":\"ABF\",\"description\":\"ABF website\",\"potentialAction\":[{\"@type\":\"SearchAction\",\"target\":{\"@type\":\"EntryPoint\",\"urlTemplate\":\"https:\\\/\\\/www.abf.store\\\/i\\\/?s={search_term_string}\"},\"query-input\":{\"@type\":\"PropertyValueSpecification\",\"valueRequired\":true,\"valueName\":\"search_term_string\"}}],\"inLanguage\":\"en-GB\"}]}<\/script>\n<!-- \/ Yoast SEO plugin. -->","yoast_head_json":{"title":"Aviso legal &#183; ABF","robots":{"index":"index","follow":"follow","max-snippet":"max-snippet:-1","max-image-preview":"max-image-preview:large","max-video-preview":"max-video-preview:-1"},"canonical":"https:\/\/www.abf.store\/i\/es\/aviso-legal\/","og_locale":"en_GB","og_type":"article","og_title":"Aviso legal &#183; ABF","og_description":"La informaci\u00f3n enviada en los correos electr\u00f3nicos de ABF se dirige exclusivamente a su destinatario. La utilizaci\u00f3n de esta informaci\u00f3n por otros que el destinatario est\u00e1 prohibido. La divulgaci\u00f3n, copia, difusi\u00f3n y\/o distribuci\u00f3n de esta informaci\u00f3n a terceros queda prohibida. ABF no se hace responsable del contenido ni de la correcta y completa difusi\u00f3n del [&hellip;]","og_url":"https:\/\/www.abf.store\/i\/es\/aviso-legal\/","og_site_name":"ABF","twitter_card":"summary_large_image","twitter_misc":{"Est. reading time":"1 minute"},"schema":{"@context":"https:\/\/schema.org","@graph":[{"@type":"WebPage","@id":"https:\/\/www.abf.store\/i\/es\/aviso-legal\/","url":"https:\/\/www.abf.store\/i\/es\/aviso-legal\/","name":"Aviso legal &#183; ABF","isPartOf":{"@id":"https:\/\/www.abf.store\/i\/#website"},"datePublished":"2017-04-06T13:36:04+00:00","breadcrumb":{"@id":"https:\/\/www.abf.store\/i\/es\/aviso-legal\/#breadcrumb"},"inLanguage":"en-GB","potentialAction":[{"@type":"ReadAction","target":["https:\/\/www.abf.store\/i\/es\/aviso-legal\/"]}]},{"@type":"BreadcrumbList","@id":"https:\/\/www.abf.store\/i\/es\/aviso-legal\/#breadcrumb","itemListElement":[{"@type":"ListItem","position":1,"name":"Home","item":"https:\/\/www.abf.store\/i\/en\/"},{"@type":"ListItem","position":2,"name":"Aviso legal"}]},{"@type":"WebSite","@id":"https:\/\/www.abf.store\/i\/#website","url":"https:\/\/www.abf.store\/i\/","name":"ABF","description":"ABF website","potentialAction":[{"@type":"SearchAction","target":{"@type":"EntryPoint","urlTemplate":"https:\/\/www.abf.store\/i\/?s={search_term_string}"},"query-input":{"@type":"PropertyValueSpecification","valueRequired":true,"valueName":"search_term_string"}}],"inLanguage":"en-GB"}]}},"_links":{"self":[{"href":"https:\/\/www.abf.store\/i\/wp-json\/wp\/v2\/pages\/1203","targetHints":{"allow":["GET"]}}],"collection":[{"href":"https:\/\/www.abf.store\/i\/wp-json\/wp\/v2\/pages"}],"about":[{"href":"https:\/\/www.abf.store\/i\/wp-json\/wp\/v2\/types\/page"}],"author":[{"embeddable":true,"href":"https:\/\/www.abf.store\/i\/wp-json\/wp\/v2\/users\/2"}],"replies":[{"embeddable":true,"href":"https:\/\/www.abf.store\/i\/wp-json\/wp\/v2\/comments?post=1203"}],"version-history":[{"count":1,"href":"https:\/\/www.abf.store\/i\/wp-json\/wp\/v2\/pages\/1203\/revisions"}],"predecessor-version":[{"id":1204,"href":"https:\/\/www.abf.store\/i\/wp-json\/wp\/v2\/pages\/1203\/revisions\/1204"}],"wp:attachment":[{"href":"https:\/\/www.abf.store\/i\/wp-json\/wp\/v2\/media?parent=1203"}],"curies":[{"name":"wp","href":"https:\/\/api.w.org\/{rel}","templated":true}]}}