{"id":13972,"date":"2023-10-09T18:54:35","date_gmt":"2023-10-09T16:54:35","guid":{"rendered":"https:\/\/www.abf.store\/i\/?page_id=13972"},"modified":"2025-02-14T09:20:24","modified_gmt":"2025-02-14T08:20:24","slug":"termos-e-condicoes","status":"publish","type":"page","link":"https:\/\/www.abf.store\/i\/pt\/termos-e-condicoes\/","title":{"rendered":"Termos e Condi\u00e7\u00f5es"},"content":{"rendered":"<p><a href=\"https:\/\/www.abf.store\/i\/wp-content\/uploads\/250216-ABF-General-terms-and-conditions-c_compressed.pdf\">Descarregue os nossos Termos e Condi\u00e7\u00f5es<\/a><\/p>\n<div class=\"ewa-rteLine\"><strong>Pol\u00edtica da qualidade<\/strong><\/div>\n<div><\/div>\n<div class=\"\">\n<div class=\"\">\n<div class=\"\">\n<div class=\"\">\n<div class=\"\">\n<div class=\"\">\n<div class=\"\">\n<div class=\"\">\n<div class=\"\">\n<div class=\"\">\n<div class=\"\">\n<div class=\"\">\n<div class=\"\">Foi implementada uma pol\u00edtica da qualidade de acordo com os requisitos da norma ISO9001. A pol\u00edtica de qualidade est\u00e1 dispon\u00edvel para as partes interessadas e pode ser solicitada mediante envio de um e-mail para <a class=\"\" href=\"mailto:mame@abf.store\">mame@abf.store<\/a>.<\/div>\n<\/div>\n<\/div>\n<\/div>\n<\/div>\n<\/div>\n<\/div>\n<\/div>\n<\/div>\n<\/div>\n<\/div>\n<\/div>\n<\/div>\n","protected":false},"excerpt":{"rendered":"<p>Descarregue os nossos Termos e Condi\u00e7\u00f5es Pol\u00edtica da qualidade Foi implementada uma pol\u00edtica da qualidade de acordo com os requisitos da norma ISO9001. A pol\u00edtica de qualidade est\u00e1 dispon\u00edvel para as partes interessadas e pode ser solicitada mediante envio de um e-mail para mame@abf.store.<\/p>\n","protected":false},"author":27,"featured_media":0,"parent":0,"menu_order":0,"comment_status":"closed","ping_status":"closed","template":"","meta":{"_acf_changed":false,"footnotes":""},"class_list":["post-13972","page","type-page","status-publish","hentry"],"acf":[],"yoast_head":"<!-- This site is optimized with the Yoast SEO plugin v27.3 - https:\/\/yoast.com\/product\/yoast-seo-wordpress\/ -->\n<title>Termos e Condi\u00e7\u00f5es &#183; ABF<\/title>\n<meta name=\"description\" content=\"Download Terms &amp; Conditions ABF Bearings\" \/>\n<meta name=\"robots\" content=\"index, follow, max-snippet:-1, max-image-preview:large, max-video-preview:-1\" \/>\n<link rel=\"canonical\" href=\"https:\/\/www.abf.store\/i\/pt\/termos-e-condicoes\/\" \/>\n<meta property=\"og:locale\" content=\"en_GB\" \/>\n<meta property=\"og:type\" content=\"article\" \/>\n<meta property=\"og:title\" content=\"Termos e Condi\u00e7\u00f5es &#183; ABF\" \/>\n<meta property=\"og:description\" content=\"Download Terms &amp; Conditions ABF Bearings\" \/>\n<meta property=\"og:url\" content=\"https:\/\/www.abf.store\/i\/pt\/termos-e-condicoes\/\" \/>\n<meta property=\"og:site_name\" content=\"ABF\" \/>\n<meta property=\"article:modified_time\" content=\"2025-02-14T08:20:24+00:00\" \/>\n<meta name=\"twitter:card\" content=\"summary_large_image\" \/>\n<meta name=\"twitter:label1\" content=\"Est. reading time\" \/>\n\t<meta name=\"twitter:data1\" content=\"1 minute\" \/>\n<script type=\"application\/ld+json\" class=\"yoast-schema-graph\">{\"@context\":\"https:\\\/\\\/schema.org\",\"@graph\":[{\"@type\":\"WebPage\",\"@id\":\"https:\\\/\\\/www.abf.store\\\/i\\\/pt\\\/termos-e-condicoes\\\/\",\"url\":\"https:\\\/\\\/www.abf.store\\\/i\\\/pt\\\/termos-e-condicoes\\\/\",\"name\":\"Termos e Condi\u00e7\u00f5es &#183; ABF\",\"isPartOf\":{\"@id\":\"https:\\\/\\\/www.abf.store\\\/i\\\/#website\"},\"datePublished\":\"2023-10-09T16:54:35+00:00\",\"dateModified\":\"2025-02-14T08:20:24+00:00\",\"description\":\"Download Terms & Conditions ABF Bearings\",\"breadcrumb\":{\"@id\":\"https:\\\/\\\/www.abf.store\\\/i\\\/pt\\\/termos-e-condicoes\\\/#breadcrumb\"},\"inLanguage\":\"en-GB\",\"potentialAction\":[{\"@type\":\"ReadAction\",\"target\":[\"https:\\\/\\\/www.abf.store\\\/i\\\/pt\\\/termos-e-condicoes\\\/\"]}]},{\"@type\":\"BreadcrumbList\",\"@id\":\"https:\\\/\\\/www.abf.store\\\/i\\\/pt\\\/termos-e-condicoes\\\/#breadcrumb\",\"itemListElement\":[{\"@type\":\"ListItem\",\"position\":1,\"name\":\"Home\",\"item\":\"https:\\\/\\\/www.abf.store\\\/i\\\/en\\\/\"},{\"@type\":\"ListItem\",\"position\":2,\"name\":\"Termos e Condi\u00e7\u00f5es\"}]},{\"@type\":\"WebSite\",\"@id\":\"https:\\\/\\\/www.abf.store\\\/i\\\/#website\",\"url\":\"https:\\\/\\\/www.abf.store\\\/i\\\/\",\"name\":\"ABF\",\"description\":\"ABF website\",\"potentialAction\":[{\"@type\":\"SearchAction\",\"target\":{\"@type\":\"EntryPoint\",\"urlTemplate\":\"https:\\\/\\\/www.abf.store\\\/i\\\/?s={search_term_string}\"},\"query-input\":{\"@type\":\"PropertyValueSpecification\",\"valueRequired\":true,\"valueName\":\"search_term_string\"}}],\"inLanguage\":\"en-GB\"}]}<\/script>\n<!-- \/ Yoast SEO plugin. -->","yoast_head_json":{"title":"Termos e Condi\u00e7\u00f5es &#183; ABF","description":"Download Terms & Conditions ABF Bearings","robots":{"index":"index","follow":"follow","max-snippet":"max-snippet:-1","max-image-preview":"max-image-preview:large","max-video-preview":"max-video-preview:-1"},"canonical":"https:\/\/www.abf.store\/i\/pt\/termos-e-condicoes\/","og_locale":"en_GB","og_type":"article","og_title":"Termos e Condi\u00e7\u00f5es &#183; ABF","og_description":"Download Terms & Conditions ABF Bearings","og_url":"https:\/\/www.abf.store\/i\/pt\/termos-e-condicoes\/","og_site_name":"ABF","article_modified_time":"2025-02-14T08:20:24+00:00","twitter_card":"summary_large_image","twitter_misc":{"Est. reading time":"1 minute"},"schema":{"@context":"https:\/\/schema.org","@graph":[{"@type":"WebPage","@id":"https:\/\/www.abf.store\/i\/pt\/termos-e-condicoes\/","url":"https:\/\/www.abf.store\/i\/pt\/termos-e-condicoes\/","name":"Termos e Condi\u00e7\u00f5es &#183; ABF","isPartOf":{"@id":"https:\/\/www.abf.store\/i\/#website"},"datePublished":"2023-10-09T16:54:35+00:00","dateModified":"2025-02-14T08:20:24+00:00","description":"Download Terms & Conditions ABF Bearings","breadcrumb":{"@id":"https:\/\/www.abf.store\/i\/pt\/termos-e-condicoes\/#breadcrumb"},"inLanguage":"en-GB","potentialAction":[{"@type":"ReadAction","target":["https:\/\/www.abf.store\/i\/pt\/termos-e-condicoes\/"]}]},{"@type":"BreadcrumbList","@id":"https:\/\/www.abf.store\/i\/pt\/termos-e-condicoes\/#breadcrumb","itemListElement":[{"@type":"ListItem","position":1,"name":"Home","item":"https:\/\/www.abf.store\/i\/en\/"},{"@type":"ListItem","position":2,"name":"Termos e Condi\u00e7\u00f5es"}]},{"@type":"WebSite","@id":"https:\/\/www.abf.store\/i\/#website","url":"https:\/\/www.abf.store\/i\/","name":"ABF","description":"ABF website","potentialAction":[{"@type":"SearchAction","target":{"@type":"EntryPoint","urlTemplate":"https:\/\/www.abf.store\/i\/?s={search_term_string}"},"query-input":{"@type":"PropertyValueSpecification","valueRequired":true,"valueName":"search_term_string"}}],"inLanguage":"en-GB"}]}},"_links":{"self":[{"href":"https:\/\/www.abf.store\/i\/wp-json\/wp\/v2\/pages\/13972","targetHints":{"allow":["GET"]}}],"collection":[{"href":"https:\/\/www.abf.store\/i\/wp-json\/wp\/v2\/pages"}],"about":[{"href":"https:\/\/www.abf.store\/i\/wp-json\/wp\/v2\/types\/page"}],"author":[{"embeddable":true,"href":"https:\/\/www.abf.store\/i\/wp-json\/wp\/v2\/users\/27"}],"replies":[{"embeddable":true,"href":"https:\/\/www.abf.store\/i\/wp-json\/wp\/v2\/comments?post=13972"}],"version-history":[{"count":4,"href":"https:\/\/www.abf.store\/i\/wp-json\/wp\/v2\/pages\/13972\/revisions"}],"predecessor-version":[{"id":15420,"href":"https:\/\/www.abf.store\/i\/wp-json\/wp\/v2\/pages\/13972\/revisions\/15420"}],"wp:attachment":[{"href":"https:\/\/www.abf.store\/i\/wp-json\/wp\/v2\/media?parent=13972"}],"curies":[{"name":"wp","href":"https:\/\/api.w.org\/{rel}","templated":true}]}}