{"id":1604,"date":"2017-04-13T12:31:18","date_gmt":"2017-04-13T10:31:18","guid":{"rendered":"https:\/\/www.abf.store\/i\/?page_id=1604"},"modified":"2024-05-23T11:56:40","modified_gmt":"2024-05-23T09:56:40","slug":"terms-conditions-pl","status":"publish","type":"page","link":"https:\/\/www.abf.store\/i\/pl\/terms-conditions-pl\/","title":{"rendered":"Regulamin wsp\u00f3\u0142pracy"},"content":{"rendered":"<p><a href=\"https:\/\/www.abf.store\/i\/wp-content\/uploads\/240215-ABF-General-terms-and-conditions.docx\">Pobierz nasz Regulamin wsp\u00f3\u0142pracy<\/a> (dost\u0119pny w j\u0119zyku angielskim)<\/p>\n<p><b class=\"\">Quality policy<\/b><\/p>\n<div class=\"\">\n<div class=\"\">\n<div class=\"\">\n<div class=\"\">\n<div class=\"\">\n<div class=\"\">\n<div class=\"\">\n<div class=\"\">\n<div class=\"\">\n<div class=\"\">\n<div class=\"\">\n<div class=\"\">\n<div class=\"\">A quality policy has been implemented in accordance with the requirements of the ISO9001 standard. The quality policy is available for interested parties and can be requested by sending an e-mail to\u00a0<a class=\"\" href=\"mailto:mame@abf.store\">mame@abf.store<\/a>.<\/div>\n<\/div>\n<\/div>\n<\/div>\n<\/div>\n<\/div>\n<\/div>\n<\/div>\n<\/div>\n<\/div>\n<\/div>\n<\/div>\n<\/div>\n","protected":false},"excerpt":{"rendered":"<p>Pobierz nasz Regulamin wsp\u00f3\u0142pracy (dost\u0119pny w j\u0119zyku angielskim) Quality policy A quality policy has been implemented in accordance with the requirements of the ISO9001 standard. The quality policy is available for interested parties and can be requested by sending an e-mail to\u00a0mame@abf.store.<\/p>\n","protected":false},"author":2,"featured_media":0,"parent":0,"menu_order":0,"comment_status":"closed","ping_status":"closed","template":"","meta":{"_acf_changed":false,"footnotes":""},"class_list":["post-1604","page","type-page","status-publish","hentry"],"acf":[],"yoast_head":"<!-- This site is optimized with the Yoast SEO plugin v27.3 - https:\/\/yoast.com\/product\/yoast-seo-wordpress\/ -->\n<title>Regulamin wsp\u00f3\u0142pracy &#183; ABF<\/title>\n<meta name=\"robots\" content=\"index, follow, max-snippet:-1, max-image-preview:large, max-video-preview:-1\" \/>\n<link rel=\"canonical\" href=\"https:\/\/www.abf.store\/i\/pl\/terms-conditions-pl\/\" \/>\n<meta property=\"og:locale\" content=\"en_GB\" \/>\n<meta property=\"og:type\" content=\"article\" \/>\n<meta property=\"og:title\" content=\"Regulamin wsp\u00f3\u0142pracy &#183; ABF\" \/>\n<meta property=\"og:description\" content=\"Pobierz nasz Regulamin wsp\u00f3\u0142pracy (dost\u0119pny w j\u0119zyku angielskim) Quality policy A quality policy has been implemented in accordance with the requirements of the ISO9001 standard. The quality policy is available for interested parties and can be requested by sending an e-mail to\u00a0mame@abf.store.\" \/>\n<meta property=\"og:url\" content=\"https:\/\/www.abf.store\/i\/pl\/terms-conditions-pl\/\" \/>\n<meta property=\"og:site_name\" content=\"ABF\" \/>\n<meta property=\"article:modified_time\" content=\"2024-05-23T09:56:40+00:00\" \/>\n<meta name=\"twitter:card\" content=\"summary_large_image\" \/>\n<meta name=\"twitter:label1\" content=\"Est. reading time\" \/>\n\t<meta name=\"twitter:data1\" content=\"1 minute\" \/>\n<script type=\"application\/ld+json\" class=\"yoast-schema-graph\">{\"@context\":\"https:\\\/\\\/schema.org\",\"@graph\":[{\"@type\":\"WebPage\",\"@id\":\"https:\\\/\\\/www.abf.store\\\/i\\\/pl\\\/terms-conditions-pl\\\/\",\"url\":\"https:\\\/\\\/www.abf.store\\\/i\\\/pl\\\/terms-conditions-pl\\\/\",\"name\":\"Regulamin wsp\u00f3\u0142pracy &#183; ABF\",\"isPartOf\":{\"@id\":\"https:\\\/\\\/www.abf.store\\\/i\\\/#website\"},\"datePublished\":\"2017-04-13T10:31:18+00:00\",\"dateModified\":\"2024-05-23T09:56:40+00:00\",\"breadcrumb\":{\"@id\":\"https:\\\/\\\/www.abf.store\\\/i\\\/pl\\\/terms-conditions-pl\\\/#breadcrumb\"},\"inLanguage\":\"en-GB\",\"potentialAction\":[{\"@type\":\"ReadAction\",\"target\":[\"https:\\\/\\\/www.abf.store\\\/i\\\/pl\\\/terms-conditions-pl\\\/\"]}]},{\"@type\":\"BreadcrumbList\",\"@id\":\"https:\\\/\\\/www.abf.store\\\/i\\\/pl\\\/terms-conditions-pl\\\/#breadcrumb\",\"itemListElement\":[{\"@type\":\"ListItem\",\"position\":1,\"name\":\"Home\",\"item\":\"https:\\\/\\\/www.abf.store\\\/i\\\/en\\\/\"},{\"@type\":\"ListItem\",\"position\":2,\"name\":\"Regulamin wsp\u00f3\u0142pracy\"}]},{\"@type\":\"WebSite\",\"@id\":\"https:\\\/\\\/www.abf.store\\\/i\\\/#website\",\"url\":\"https:\\\/\\\/www.abf.store\\\/i\\\/\",\"name\":\"ABF\",\"description\":\"ABF website\",\"potentialAction\":[{\"@type\":\"SearchAction\",\"target\":{\"@type\":\"EntryPoint\",\"urlTemplate\":\"https:\\\/\\\/www.abf.store\\\/i\\\/?s={search_term_string}\"},\"query-input\":{\"@type\":\"PropertyValueSpecification\",\"valueRequired\":true,\"valueName\":\"search_term_string\"}}],\"inLanguage\":\"en-GB\"}]}<\/script>\n<!-- \/ Yoast SEO plugin. -->","yoast_head_json":{"title":"Regulamin wsp\u00f3\u0142pracy &#183; ABF","robots":{"index":"index","follow":"follow","max-snippet":"max-snippet:-1","max-image-preview":"max-image-preview:large","max-video-preview":"max-video-preview:-1"},"canonical":"https:\/\/www.abf.store\/i\/pl\/terms-conditions-pl\/","og_locale":"en_GB","og_type":"article","og_title":"Regulamin wsp\u00f3\u0142pracy &#183; ABF","og_description":"Pobierz nasz Regulamin wsp\u00f3\u0142pracy (dost\u0119pny w j\u0119zyku angielskim) Quality policy A quality policy has been implemented in accordance with the requirements of the ISO9001 standard. The quality policy is available for interested parties and can be requested by sending an e-mail to\u00a0mame@abf.store.","og_url":"https:\/\/www.abf.store\/i\/pl\/terms-conditions-pl\/","og_site_name":"ABF","article_modified_time":"2024-05-23T09:56:40+00:00","twitter_card":"summary_large_image","twitter_misc":{"Est. reading time":"1 minute"},"schema":{"@context":"https:\/\/schema.org","@graph":[{"@type":"WebPage","@id":"https:\/\/www.abf.store\/i\/pl\/terms-conditions-pl\/","url":"https:\/\/www.abf.store\/i\/pl\/terms-conditions-pl\/","name":"Regulamin wsp\u00f3\u0142pracy &#183; ABF","isPartOf":{"@id":"https:\/\/www.abf.store\/i\/#website"},"datePublished":"2017-04-13T10:31:18+00:00","dateModified":"2024-05-23T09:56:40+00:00","breadcrumb":{"@id":"https:\/\/www.abf.store\/i\/pl\/terms-conditions-pl\/#breadcrumb"},"inLanguage":"en-GB","potentialAction":[{"@type":"ReadAction","target":["https:\/\/www.abf.store\/i\/pl\/terms-conditions-pl\/"]}]},{"@type":"BreadcrumbList","@id":"https:\/\/www.abf.store\/i\/pl\/terms-conditions-pl\/#breadcrumb","itemListElement":[{"@type":"ListItem","position":1,"name":"Home","item":"https:\/\/www.abf.store\/i\/en\/"},{"@type":"ListItem","position":2,"name":"Regulamin wsp\u00f3\u0142pracy"}]},{"@type":"WebSite","@id":"https:\/\/www.abf.store\/i\/#website","url":"https:\/\/www.abf.store\/i\/","name":"ABF","description":"ABF website","potentialAction":[{"@type":"SearchAction","target":{"@type":"EntryPoint","urlTemplate":"https:\/\/www.abf.store\/i\/?s={search_term_string}"},"query-input":{"@type":"PropertyValueSpecification","valueRequired":true,"valueName":"search_term_string"}}],"inLanguage":"en-GB"}]}},"_links":{"self":[{"href":"https:\/\/www.abf.store\/i\/wp-json\/wp\/v2\/pages\/1604","targetHints":{"allow":["GET"]}}],"collection":[{"href":"https:\/\/www.abf.store\/i\/wp-json\/wp\/v2\/pages"}],"about":[{"href":"https:\/\/www.abf.store\/i\/wp-json\/wp\/v2\/types\/page"}],"author":[{"embeddable":true,"href":"https:\/\/www.abf.store\/i\/wp-json\/wp\/v2\/users\/2"}],"replies":[{"embeddable":true,"href":"https:\/\/www.abf.store\/i\/wp-json\/wp\/v2\/comments?post=1604"}],"version-history":[{"count":17,"href":"https:\/\/www.abf.store\/i\/wp-json\/wp\/v2\/pages\/1604\/revisions"}],"predecessor-version":[{"id":14860,"href":"https:\/\/www.abf.store\/i\/wp-json\/wp\/v2\/pages\/1604\/revisions\/14860"}],"wp:attachment":[{"href":"https:\/\/www.abf.store\/i\/wp-json\/wp\/v2\/media?parent=1604"}],"curies":[{"name":"wp","href":"https:\/\/api.w.org\/{rel}","templated":true}]}}