{"id":16093,"date":"2026-01-23T13:10:23","date_gmt":"2026-01-23T12:10:23","guid":{"rendered":"https:\/\/www.abf.store\/i\/?page_id=16093"},"modified":"2026-03-03T10:44:23","modified_gmt":"2026-03-03T09:44:23","slug":"livraison-de-nuit","status":"publish","type":"page","link":"https:\/\/www.abf.store\/i\/fr\/livraison-de-nuit\/","title":{"rendered":"Livraison de nuit"},"content":{"rendered":"","protected":false},"excerpt":{"rendered":"","protected":false},"author":34,"featured_media":0,"parent":0,"menu_order":0,"comment_status":"closed","ping_status":"closed","template":"page-about.php","meta":{"_acf_changed":false,"footnotes":""},"class_list":["post-16093","page","type-page","status-publish","hentry"],"acf":[],"yoast_head":"<!-- This site is optimized with the Yoast SEO plugin v27.3 - https:\/\/yoast.com\/product\/yoast-seo-wordpress\/ -->\n<title>Livraison de nuit &#183; ABF<\/title>\n<meta name=\"description\" content=\"Night Star Delivery garantit une livraison de nuit pour une disponibilit\u00e9 imm\u00e9diate le matin. R\u00e9duisez les arr\u00eats.\" \/>\n<meta name=\"robots\" content=\"index, follow, max-snippet:-1, max-image-preview:large, max-video-preview:-1\" \/>\n<link rel=\"canonical\" href=\"https:\/\/www.abf.store\/i\/fr\/livraison-de-nuit\/\" \/>\n<meta property=\"og:locale\" content=\"en_GB\" \/>\n<meta property=\"og:type\" content=\"article\" \/>\n<meta property=\"og:title\" content=\"Livraison de nuit &#183; ABF\" \/>\n<meta property=\"og:description\" content=\"Night Star Delivery garantit une livraison de nuit pour une disponibilit\u00e9 imm\u00e9diate le matin. R\u00e9duisez les arr\u00eats.\" \/>\n<meta property=\"og:url\" content=\"https:\/\/www.abf.store\/i\/fr\/livraison-de-nuit\/\" \/>\n<meta property=\"og:site_name\" content=\"ABF\" \/>\n<meta property=\"article:modified_time\" content=\"2026-03-03T09:44:23+00:00\" \/>\n<meta name=\"twitter:card\" content=\"summary_large_image\" \/>\n<meta name=\"twitter:label1\" content=\"Est. reading time\" \/>\n\t<meta name=\"twitter:data1\" content=\"3 minutes\" \/>\n<script type=\"application\/ld+json\" class=\"yoast-schema-graph\">{\"@context\":\"https:\\\/\\\/schema.org\",\"@graph\":[{\"@type\":\"WebPage\",\"@id\":\"https:\\\/\\\/www.abf.store\\\/i\\\/fr\\\/livraison-de-nuit\\\/\",\"url\":\"https:\\\/\\\/www.abf.store\\\/i\\\/fr\\\/livraison-de-nuit\\\/\",\"name\":\"Livraison de nuit &#183; ABF\",\"isPartOf\":{\"@id\":\"https:\\\/\\\/www.abf.store\\\/i\\\/#website\"},\"datePublished\":\"2026-01-23T12:10:23+00:00\",\"dateModified\":\"2026-03-03T09:44:23+00:00\",\"description\":\"Night Star Delivery garantit une livraison de nuit pour une disponibilit\u00e9 imm\u00e9diate le matin. R\u00e9duisez les arr\u00eats.\",\"breadcrumb\":{\"@id\":\"https:\\\/\\\/www.abf.store\\\/i\\\/fr\\\/livraison-de-nuit\\\/#breadcrumb\"},\"inLanguage\":\"en-GB\",\"potentialAction\":[{\"@type\":\"ReadAction\",\"target\":[\"https:\\\/\\\/www.abf.store\\\/i\\\/fr\\\/livraison-de-nuit\\\/\"]}]},{\"@type\":\"BreadcrumbList\",\"@id\":\"https:\\\/\\\/www.abf.store\\\/i\\\/fr\\\/livraison-de-nuit\\\/#breadcrumb\",\"itemListElement\":[{\"@type\":\"ListItem\",\"position\":1,\"name\":\"Home\",\"item\":\"https:\\\/\\\/www.abf.store\\\/i\\\/en\\\/\"},{\"@type\":\"ListItem\",\"position\":2,\"name\":\"Livraison de nuit\"}]},{\"@type\":\"WebSite\",\"@id\":\"https:\\\/\\\/www.abf.store\\\/i\\\/#website\",\"url\":\"https:\\\/\\\/www.abf.store\\\/i\\\/\",\"name\":\"ABF\",\"description\":\"ABF website\",\"potentialAction\":[{\"@type\":\"SearchAction\",\"target\":{\"@type\":\"EntryPoint\",\"urlTemplate\":\"https:\\\/\\\/www.abf.store\\\/i\\\/?s={search_term_string}\"},\"query-input\":{\"@type\":\"PropertyValueSpecification\",\"valueRequired\":true,\"valueName\":\"search_term_string\"}}],\"inLanguage\":\"en-GB\"}]}<\/script>\n<!-- \/ Yoast SEO plugin. -->","yoast_head_json":{"title":"Livraison de nuit &#183; ABF","description":"Night Star Delivery garantit une livraison de nuit pour une disponibilit\u00e9 imm\u00e9diate le matin. R\u00e9duisez les arr\u00eats.","robots":{"index":"index","follow":"follow","max-snippet":"max-snippet:-1","max-image-preview":"max-image-preview:large","max-video-preview":"max-video-preview:-1"},"canonical":"https:\/\/www.abf.store\/i\/fr\/livraison-de-nuit\/","og_locale":"en_GB","og_type":"article","og_title":"Livraison de nuit &#183; ABF","og_description":"Night Star Delivery garantit une livraison de nuit pour une disponibilit\u00e9 imm\u00e9diate le matin. R\u00e9duisez les arr\u00eats.","og_url":"https:\/\/www.abf.store\/i\/fr\/livraison-de-nuit\/","og_site_name":"ABF","article_modified_time":"2026-03-03T09:44:23+00:00","twitter_card":"summary_large_image","twitter_misc":{"Est. reading time":"3 minutes"},"schema":{"@context":"https:\/\/schema.org","@graph":[{"@type":"WebPage","@id":"https:\/\/www.abf.store\/i\/fr\/livraison-de-nuit\/","url":"https:\/\/www.abf.store\/i\/fr\/livraison-de-nuit\/","name":"Livraison de nuit &#183; ABF","isPartOf":{"@id":"https:\/\/www.abf.store\/i\/#website"},"datePublished":"2026-01-23T12:10:23+00:00","dateModified":"2026-03-03T09:44:23+00:00","description":"Night Star Delivery garantit une livraison de nuit pour une disponibilit\u00e9 imm\u00e9diate le matin. R\u00e9duisez les arr\u00eats.","breadcrumb":{"@id":"https:\/\/www.abf.store\/i\/fr\/livraison-de-nuit\/#breadcrumb"},"inLanguage":"en-GB","potentialAction":[{"@type":"ReadAction","target":["https:\/\/www.abf.store\/i\/fr\/livraison-de-nuit\/"]}]},{"@type":"BreadcrumbList","@id":"https:\/\/www.abf.store\/i\/fr\/livraison-de-nuit\/#breadcrumb","itemListElement":[{"@type":"ListItem","position":1,"name":"Home","item":"https:\/\/www.abf.store\/i\/en\/"},{"@type":"ListItem","position":2,"name":"Livraison de nuit"}]},{"@type":"WebSite","@id":"https:\/\/www.abf.store\/i\/#website","url":"https:\/\/www.abf.store\/i\/","name":"ABF","description":"ABF website","potentialAction":[{"@type":"SearchAction","target":{"@type":"EntryPoint","urlTemplate":"https:\/\/www.abf.store\/i\/?s={search_term_string}"},"query-input":{"@type":"PropertyValueSpecification","valueRequired":true,"valueName":"search_term_string"}}],"inLanguage":"en-GB"}]}},"_links":{"self":[{"href":"https:\/\/www.abf.store\/i\/wp-json\/wp\/v2\/pages\/16093","targetHints":{"allow":["GET"]}}],"collection":[{"href":"https:\/\/www.abf.store\/i\/wp-json\/wp\/v2\/pages"}],"about":[{"href":"https:\/\/www.abf.store\/i\/wp-json\/wp\/v2\/types\/page"}],"author":[{"embeddable":true,"href":"https:\/\/www.abf.store\/i\/wp-json\/wp\/v2\/users\/34"}],"replies":[{"embeddable":true,"href":"https:\/\/www.abf.store\/i\/wp-json\/wp\/v2\/comments?post=16093"}],"version-history":[{"count":10,"href":"https:\/\/www.abf.store\/i\/wp-json\/wp\/v2\/pages\/16093\/revisions"}],"predecessor-version":[{"id":16235,"href":"https:\/\/www.abf.store\/i\/wp-json\/wp\/v2\/pages\/16093\/revisions\/16235"}],"wp:attachment":[{"href":"https:\/\/www.abf.store\/i\/wp-json\/wp\/v2\/media?parent=16093"}],"curies":[{"name":"wp","href":"https:\/\/api.w.org\/{rel}","templated":true}]}}