{"id":2817,"date":"2017-11-22T11:11:34","date_gmt":"2017-11-22T10:11:34","guid":{"rendered":"https:\/\/www.abf.store\/i\/?page_id=2817"},"modified":"2026-03-03T11:39:18","modified_gmt":"2026-03-03T10:39:18","slug":"ciasteczka-pliki-cookie","status":"publish","type":"page","link":"https:\/\/www.abf.store\/i\/pl\/ciasteczka-pliki-cookie\/","title":{"rendered":"Ciasteczka (pliki cookie)"},"content":{"rendered":"<p><script id=\"CookieDeclaration\" data-culture=\"PL\" src=\"https:\/\/consent.cookiebot.com\/af081e45-2579-472a-ae94-c1f03f58c6d0\/cd.js\" type=\"text\/javascript\" async><\/script><\/p>\n","protected":false},"excerpt":{"rendered":"","protected":false},"author":2,"featured_media":0,"parent":0,"menu_order":0,"comment_status":"closed","ping_status":"closed","template":"","meta":{"_acf_changed":false,"footnotes":""},"class_list":["post-2817","page","type-page","status-publish","hentry"],"acf":[],"yoast_head":"<!-- This site is optimized with the Yoast SEO plugin v27.3 - https:\/\/yoast.com\/product\/yoast-seo-wordpress\/ -->\n<title>Ciasteczka (pliki cookie) &#183; ABF<\/title>\n<meta name=\"description\" content=\"Polityka plik\u00f3w cookie ABF Bearings \u2013 Dowiedz si\u0119, jak wykorzystujemy pliki cookie i technologie \u015bledzenia, aby poprawi\u0107 komfort u\u017cytkowania.\" \/>\n<meta name=\"robots\" content=\"noindex, follow\" \/>\n<meta property=\"og:locale\" content=\"en_GB\" \/>\n<meta property=\"og:type\" content=\"article\" \/>\n<meta property=\"og:title\" content=\"Ciasteczka (pliki cookie) &#183; ABF\" \/>\n<meta property=\"og:description\" content=\"Polityka plik\u00f3w cookie ABF Bearings \u2013 Dowiedz si\u0119, jak wykorzystujemy pliki cookie i technologie \u015bledzenia, aby poprawi\u0107 komfort u\u017cytkowania.\" \/>\n<meta property=\"og:url\" content=\"https:\/\/www.abf.store\/i\/pl\/ciasteczka-pliki-cookie\/\" \/>\n<meta property=\"og:site_name\" content=\"ABF\" \/>\n<meta property=\"article:modified_time\" content=\"2026-03-03T10:39:18+00:00\" \/>\n<meta name=\"twitter:card\" content=\"summary_large_image\" \/>\n<script type=\"application\/ld+json\" class=\"yoast-schema-graph\">{\"@context\":\"https:\\\/\\\/schema.org\",\"@graph\":[{\"@type\":\"WebPage\",\"@id\":\"https:\\\/\\\/www.abf.store\\\/i\\\/pl\\\/ciasteczka-pliki-cookie\\\/\",\"url\":\"https:\\\/\\\/www.abf.store\\\/i\\\/pl\\\/ciasteczka-pliki-cookie\\\/\",\"name\":\"Ciasteczka (pliki cookie) &#183; ABF\",\"isPartOf\":{\"@id\":\"https:\\\/\\\/www.abf.store\\\/i\\\/#website\"},\"datePublished\":\"2017-11-22T10:11:34+00:00\",\"dateModified\":\"2026-03-03T10:39:18+00:00\",\"description\":\"Polityka plik\u00f3w cookie ABF Bearings \u2013 Dowiedz si\u0119, jak wykorzystujemy pliki cookie i technologie \u015bledzenia, aby poprawi\u0107 komfort u\u017cytkowania.\",\"breadcrumb\":{\"@id\":\"https:\\\/\\\/www.abf.store\\\/i\\\/pl\\\/ciasteczka-pliki-cookie\\\/#breadcrumb\"},\"inLanguage\":\"en-GB\",\"potentialAction\":[{\"@type\":\"ReadAction\",\"target\":[\"https:\\\/\\\/www.abf.store\\\/i\\\/pl\\\/ciasteczka-pliki-cookie\\\/\"]}]},{\"@type\":\"BreadcrumbList\",\"@id\":\"https:\\\/\\\/www.abf.store\\\/i\\\/pl\\\/ciasteczka-pliki-cookie\\\/#breadcrumb\",\"itemListElement\":[{\"@type\":\"ListItem\",\"position\":1,\"name\":\"Home\",\"item\":\"https:\\\/\\\/www.abf.store\\\/i\\\/en\\\/\"},{\"@type\":\"ListItem\",\"position\":2,\"name\":\"Ciasteczka (pliki cookie)\"}]},{\"@type\":\"WebSite\",\"@id\":\"https:\\\/\\\/www.abf.store\\\/i\\\/#website\",\"url\":\"https:\\\/\\\/www.abf.store\\\/i\\\/\",\"name\":\"ABF\",\"description\":\"ABF website\",\"potentialAction\":[{\"@type\":\"SearchAction\",\"target\":{\"@type\":\"EntryPoint\",\"urlTemplate\":\"https:\\\/\\\/www.abf.store\\\/i\\\/?s={search_term_string}\"},\"query-input\":{\"@type\":\"PropertyValueSpecification\",\"valueRequired\":true,\"valueName\":\"search_term_string\"}}],\"inLanguage\":\"en-GB\"}]}<\/script>\n<!-- \/ Yoast SEO plugin. -->","yoast_head_json":{"title":"Ciasteczka (pliki cookie) &#183; ABF","description":"Polityka plik\u00f3w cookie ABF Bearings \u2013 Dowiedz si\u0119, jak wykorzystujemy pliki cookie i technologie \u015bledzenia, aby poprawi\u0107 komfort u\u017cytkowania.","robots":{"index":"noindex","follow":"follow"},"og_locale":"en_GB","og_type":"article","og_title":"Ciasteczka (pliki cookie) &#183; ABF","og_description":"Polityka plik\u00f3w cookie ABF Bearings \u2013 Dowiedz si\u0119, jak wykorzystujemy pliki cookie i technologie \u015bledzenia, aby poprawi\u0107 komfort u\u017cytkowania.","og_url":"https:\/\/www.abf.store\/i\/pl\/ciasteczka-pliki-cookie\/","og_site_name":"ABF","article_modified_time":"2026-03-03T10:39:18+00:00","twitter_card":"summary_large_image","schema":{"@context":"https:\/\/schema.org","@graph":[{"@type":"WebPage","@id":"https:\/\/www.abf.store\/i\/pl\/ciasteczka-pliki-cookie\/","url":"https:\/\/www.abf.store\/i\/pl\/ciasteczka-pliki-cookie\/","name":"Ciasteczka (pliki cookie) &#183; ABF","isPartOf":{"@id":"https:\/\/www.abf.store\/i\/#website"},"datePublished":"2017-11-22T10:11:34+00:00","dateModified":"2026-03-03T10:39:18+00:00","description":"Polityka plik\u00f3w cookie ABF Bearings \u2013 Dowiedz si\u0119, jak wykorzystujemy pliki cookie i technologie \u015bledzenia, aby poprawi\u0107 komfort u\u017cytkowania.","breadcrumb":{"@id":"https:\/\/www.abf.store\/i\/pl\/ciasteczka-pliki-cookie\/#breadcrumb"},"inLanguage":"en-GB","potentialAction":[{"@type":"ReadAction","target":["https:\/\/www.abf.store\/i\/pl\/ciasteczka-pliki-cookie\/"]}]},{"@type":"BreadcrumbList","@id":"https:\/\/www.abf.store\/i\/pl\/ciasteczka-pliki-cookie\/#breadcrumb","itemListElement":[{"@type":"ListItem","position":1,"name":"Home","item":"https:\/\/www.abf.store\/i\/en\/"},{"@type":"ListItem","position":2,"name":"Ciasteczka (pliki cookie)"}]},{"@type":"WebSite","@id":"https:\/\/www.abf.store\/i\/#website","url":"https:\/\/www.abf.store\/i\/","name":"ABF","description":"ABF website","potentialAction":[{"@type":"SearchAction","target":{"@type":"EntryPoint","urlTemplate":"https:\/\/www.abf.store\/i\/?s={search_term_string}"},"query-input":{"@type":"PropertyValueSpecification","valueRequired":true,"valueName":"search_term_string"}}],"inLanguage":"en-GB"}]}},"_links":{"self":[{"href":"https:\/\/www.abf.store\/i\/wp-json\/wp\/v2\/pages\/2817","targetHints":{"allow":["GET"]}}],"collection":[{"href":"https:\/\/www.abf.store\/i\/wp-json\/wp\/v2\/pages"}],"about":[{"href":"https:\/\/www.abf.store\/i\/wp-json\/wp\/v2\/types\/page"}],"author":[{"embeddable":true,"href":"https:\/\/www.abf.store\/i\/wp-json\/wp\/v2\/users\/2"}],"replies":[{"embeddable":true,"href":"https:\/\/www.abf.store\/i\/wp-json\/wp\/v2\/comments?post=2817"}],"version-history":[{"count":3,"href":"https:\/\/www.abf.store\/i\/wp-json\/wp\/v2\/pages\/2817\/revisions"}],"predecessor-version":[{"id":6815,"href":"https:\/\/www.abf.store\/i\/wp-json\/wp\/v2\/pages\/2817\/revisions\/6815"}],"wp:attachment":[{"href":"https:\/\/www.abf.store\/i\/wp-json\/wp\/v2\/media?parent=2817"}],"curies":[{"name":"wp","href":"https:\/\/api.w.org\/{rel}","templated":true}]}}